{"id":51,"date":"2018-08-03T15:31:50","date_gmt":"2018-08-03T15:31:50","guid":{"rendered":"https:\/\/www.roterring.de\/wordpress\/?page_id=51"},"modified":"2018-09-12T07:54:29","modified_gmt":"2018-09-12T07:54:29","slug":"anfahrt","status":"publish","type":"page","link":"https:\/\/www.roterring.de\/index.php\/anfahrt\/","title":{"rendered":"Anfahrt"},"content":{"rendered":"<p><img decoding=\"async\" class=\"size-large wp-image-87\" src=\"https:\/\/www.roterring.de\/wordpress\/wp-content\/uploads\/2018\/09\/roterring-eingang-2000-P9067016-1024x768.png\" alt=\"\" width=\"100%\" srcset=\"https:\/\/www.roterring.de\/wp-content\/uploads\/2018\/09\/roterring-eingang-2000-P9067016-1024x768.png 1024w, https:\/\/www.roterring.de\/wp-content\/uploads\/2018\/09\/roterring-eingang-2000-P9067016-300x225.png 300w, https:\/\/www.roterring.de\/wp-content\/uploads\/2018\/09\/roterring-eingang-2000-P9067016-768x576.png 768w, https:\/\/www.roterring.de\/wp-content\/uploads\/2018\/09\/roterring-eingang-2000-P9067016.png 2000w\" sizes=\"(max-width: 1024px) 100vw, 1024px\" \/><\/p>\n<h3>Und so finden Sie mich:<\/h3>\n<hr \/>\n<h3>Anfahrt aus Richtung A31\/ Legeden<\/h3>\n<p>Wenn Sie auf der A31 die Ausfahrt Ahaus\/Legden nehmen, biegen Sie bitte rechts ab in Richtung Ahaus. In Ahaus kommen Sie an einen Kreisverkehr. Hier fahren sie bitte gerade aus auf den Adenauer Ring. Nach der 2. Ampel biegen Sie links ab auf den Vredener Dyk und fahren in Richtung Ottenstein<\/p>\n<p>Sie befahren den Vredener Dyk in Richtung Ahaus. Am Kreisverkehr in Barle biegen Sie rechts ab in Richtung Ottenstein.<\/p>\n<p align=\"JUSTIFY\">Diese Stra\u00dfe m\u00fcndet in die Umgehungsstra\u00dfe von Ottenstein. An der ersten Kreuzung (an der rechten Seite befindet sich die Fa. Okulen) biegen Sie links ab.<\/p>\n<p>Anschlie\u00dfend biegen Sie die n\u00e4chste Stra\u00dfe wieder links ab. Am Ende macht die Stra\u00dfe einen Schwenker nach rechts. Folgen Sie dem Stra\u00dfenverlauf und Sie kommen direkt auf mich zu.<\/p>\n<h3>Wegbeschreibung aus Richtung Stadtlohn (B70)<\/h3>\n<p align=\"JUSTIFY\">Wenn Sie die B70 von Stadtlohn in Richtung Ahaus befahren, biegen Sie bitte links in Richtung Ottenstein ab. Am Kreisverkehr fahren Sie gerade aus Richtung Ottenstein. Diese Stra\u00dfe m\u00fcndet in die Umgehungsstra\u00dfe von Ottenstein. An der ersten Kreuzung (an der rechten Seite befindet sich die Fa. Okulen) biegen Sie links ab.<\/p>\n<p>Anschlie\u00dfend biegen Sie die n\u00e4chste Stra\u00dfe wieder links ab. Am Ende macht die Stra\u00dfe einen Schwenker nach rechts. Folgen Sie dem Stra\u00dfenverlauf und Sie kommen direkt auf mich zu.<\/p>\n<h3>Wegbeschreibung aus Richtung Wessum<\/h3>\n<p align=\"JUSTIFY\">Sie befahren die L560 von Wessum in Richtung Ottenstein. Bis Sie an die Kreuzung der Umgehungsstra\u00dfe kommen. Hier sehen Sie auf der rechten Seite die Fa. Okulen. \u00dcberqueren Sie die Kreuzung und biegen Sie die n\u00e4chste Stra\u00dfe wieder links ab. Am Ende macht die Stra\u00dfe einen Schwenker nach rechts. Folgen Sie dem Stra\u00dfenverlauf und Sie kommen direkt auf uns zu.<\/p>\n<h3>Wegbeschreibung aus Richtung Alst\u00e4tte<\/h3>\n<p>Sie befahren die K22 von Alst\u00e4tte in Richtung Ottenstein. Sie folgen dem Stra\u00dfenverlauf, der in der Umgehungsstra\u00dfe von Ottenstein m\u00fcndet. Auf der linken Seite sehen Sie die Fa. Okulen. Hier biegen Sie rechts ab.<\/p>\n<p>Anschlie\u00dfend biegen Sie die n\u00e4chste Stra\u00dfe wieder links ab. Am Ende macht die Stra\u00dfe einen Schwenker nach rechts. Folgen Sie dem Stra\u00dfenverlauf und Sie kommen direkt auf mich zu.<\/p>\n<h3>Wegbeschreibung aus Richtung Vreden<\/h3>\n<p>Sie befahren den Vredener Dyk in Richtung Ahaus Am Kreisverkehr in Barle biegen Sie rechts ab in Richtung Ottenstein.<\/p>\n<p align=\"JUSTIFY\">Diese Stra\u00dfe m\u00fcndet in die Umgehungsstra\u00dfe von Ottenstein. An der ersten Kreuzung (an der rechten Seite befindet sich die Fa. Okulen) biegen Sie links ab.<\/p>\n<p>Anschlie\u00dfend biegen Sie die n\u00e4chste Stra\u00dfe wieder links ab. Am Ende macht die Stra\u00dfe einen Schwenker nach rechts. Folgen Sie dem Stra\u00dfenverlauf und Sie kommen direkt auf mich zu.<\/p>\n","protected":false},"excerpt":{"rendered":"<p>Und so finden Sie mich: Anfahrt aus Richtung A31\/ Legeden Wenn Sie auf der A31 die Ausfahrt Ahaus\/Legden nehmen, biegen Sie bitte rechts ab in Richtung Ahaus. In Ahaus kommen Sie an einen Kreisverkehr. Hier fahren sie bitte gerade aus auf den Adenauer Ring. Nach der 2. Ampel biegen Sie links ab auf den Vredener [&hellip;]<\/p>\n","protected":false},"author":1,"featured_media":0,"parent":0,"menu_order":0,"comment_status":"closed","ping_status":"closed","template":"","meta":{"footnotes":""},"_links":{"self":[{"href":"https:\/\/www.roterring.de\/index.php\/wp-json\/wp\/v2\/pages\/51"}],"collection":[{"href":"https:\/\/www.roterring.de\/index.php\/wp-json\/wp\/v2\/pages"}],"about":[{"href":"https:\/\/www.roterring.de\/index.php\/wp-json\/wp\/v2\/types\/page"}],"author":[{"embeddable":true,"href":"https:\/\/www.roterring.de\/index.php\/wp-json\/wp\/v2\/users\/1"}],"replies":[{"embeddable":true,"href":"https:\/\/www.roterring.de\/index.php\/wp-json\/wp\/v2\/comments?post=51"}],"version-history":[{"count":6,"href":"https:\/\/www.roterring.de\/index.php\/wp-json\/wp\/v2\/pages\/51\/revisions"}],"predecessor-version":[{"id":89,"href":"https:\/\/www.roterring.de\/index.php\/wp-json\/wp\/v2\/pages\/51\/revisions\/89"}],"wp:attachment":[{"href":"https:\/\/www.roterring.de\/index.php\/wp-json\/wp\/v2\/media?parent=51"}],"curies":[{"name":"wp","href":"https:\/\/api.w.org\/{rel}","templated":true}]}}