{"id":34,"date":"2018-08-03T12:45:38","date_gmt":"2018-08-03T12:45:38","guid":{"rendered":"https:\/\/www.roterring.de\/wordpress\/?page_id=34"},"modified":"2025-08-21T10:09:21","modified_gmt":"2025-08-21T10:09:21","slug":"impressum","status":"publish","type":"page","link":"https:\/\/www.roterring.de\/index.php\/impressum\/","title":{"rendered":"Impressum"},"content":{"rendered":"<p><img decoding=\"async\" class=\"size-large wp-image-94\" src=\"https:\/\/www.roterring.de\/wordpress\/wp-content\/uploads\/2018\/09\/roterring-garten2-breit-fische-P9067027-1024x346.png\" alt=\"\" width=\"100%\" srcset=\"https:\/\/www.roterring.de\/wp-content\/uploads\/2018\/09\/roterring-garten2-breit-fische-P9067027.png 1024w, https:\/\/www.roterring.de\/wp-content\/uploads\/2018\/09\/roterring-garten2-breit-fische-P9067027-300x101.png 300w, https:\/\/www.roterring.de\/wp-content\/uploads\/2018\/09\/roterring-garten2-breit-fische-P9067027-768x260.png 768w\" sizes=\"(max-width: 1024px) 100vw, 1024px\" \/><\/p>\n<h2>Angaben gem\u00e4\u00df \u00a7 5 TMG:<\/h2>\n<p>Ludger Roterring<br \/>\nInternet Service<br \/>\nMelchisengoren 62<br \/>\n48683 Ahaus-Ottenstein<\/p>\n<h2>Kontakt:<\/h2>\n<p>Telefon: 02561 962196<br \/>\nE-Mail: info@roterring.de<br \/>\n(Bitte keine Initiativbewerbungen zuschicken!)<br \/>\nAufgrund der hohen Zahl von Initiaivbewerbungen, von Bewerbern\u00a0 mit Qualifikationen von Berufen die nichts mit unserem Unternehmen zu tun haben\u00a0 werden Initiativbewerbungen nicht mehr beantwortet.<\/p>\n<h2>Umsatzsteuer:<\/h2>\n<p>Umsatzsteuer-Identifikationsnummer gem\u00e4\u00df \u00a727 a Umsatzsteuergesetz:<br \/>\nDE188468772<\/p>\n<h2>Streitschlichtung<\/h2>\n<p>Die Europ\u00e4ische Kommission stellt eine Plattform zur Online-Streitbeilegung (OS) bereit: <a href=\"https:\/\/ec.europa.eu\/consumers\/odr\" target=\"_blank\" rel=\"noopener\">https:\/\/ec.europa.eu\/consumers\/odr<\/a>.<br \/>\nUnsere E-Mail-Adresse finden Sie oben im Impressum.<\/p>\n<p>Wir sind nicht bereit oder verpflichtet, an Streitbeilegungsverfahren vor einer Verbraucherschlichtungsstelle teilzunehmen.<\/p>\n<h3>Haftung f\u00fcr Inhalte<\/h3>\n<p>Als Diensteanbieter sind wir gem\u00e4\u00df \u00a7 7 Abs.1 TMG f\u00fcr eigene Inhalte auf diesen Seiten nach den allgemeinen Gesetzen verantwortlich. Nach \u00a7\u00a7 8 bis 10 TMG sind wir als Diensteanbieter jedoch nicht verpflichtet, \u00fcbermittelte oder gespeicherte fremde Informationen zu \u00fcberwachen oder nach Umst\u00e4nden zu forschen, die auf eine rechtswidrige T\u00e4tigkeit hinweisen.<\/p>\n<p>Verpflichtungen zur Entfernung oder Sperrung der Nutzung von Informationen nach den allgemeinen Gesetzen bleiben hiervon unber\u00fchrt. Eine diesbez\u00fcgliche Haftung ist jedoch erst ab dem Zeitpunkt der Kenntnis einer konkreten Rechtsverletzung m\u00f6glich. Bei Bekanntwerden von entsprechenden Rechtsverletzungen werden wir diese Inhalte umgehend entfernen.<\/p>\n<h3>Haftung f\u00fcr Links<\/h3>\n<p>Unser Angebot enth\u00e4lt Links zu externen Websites Dritter, auf deren Inhalte wir keinen Einfluss haben. Deshalb k\u00f6nnen wir f\u00fcr diese fremden Inhalte auch keine Gew\u00e4hr \u00fcbernehmen. F\u00fcr die Inhalte der verlinkten Seiten ist stets der jeweilige Anbieter oder Betreiber der Seiten verantwortlich. Die verlinkten Seiten wurden zum Zeitpunkt der Verlinkung auf m\u00f6gliche Rechtsverst\u00f6\u00dfe \u00fcberpr\u00fcft. Rechtswidrige Inhalte waren zum Zeitpunkt der Verlinkung nicht erkennbar.<\/p>\n<p>Eine permanente inhaltliche Kontrolle der verlinkten Seiten ist jedoch ohne konkrete Anhaltspunkte einer Rechtsverletzung nicht zumutbar. Bei Bekanntwerden von Rechtsverletzungen werden wir derartige Links umgehend entfernen.<\/p>\n<h3>Urheberrecht<\/h3>\n<p>Die durch die Seitenbetreiber erstellten Inhalte und Werke auf diesen Seiten unterliegen dem deutschen Urheberrecht. Die Vervielf\u00e4ltigung, Bearbeitung, Verbreitung und jede Art der Verwertung au\u00dferhalb der Grenzen des Urheberrechtes bed\u00fcrfen der schriftlichen Zustimmung des jeweiligen Autors bzw. Erstellers. Downloads und Kopien dieser Seite sind nur f\u00fcr den privaten, nicht kommerziellen Gebrauch gestattet.<\/p>\n<p>Soweit die Inhalte auf dieser Seite nicht vom Betreiber erstellt wurden, werden die Urheberrechte Dritter beachtet. Insbesondere werden Inhalte Dritter als solche gekennzeichnet. Sollten Sie trotzdem auf eine Urheberrechtsverletzung aufmerksam werden, bitten wir um einen entsprechenden Hinweis. Bei Bekanntwerden von Rechtsverletzungen werden wir derartige Inhalte umgehend entfernen.<\/p>\n<p>Quelle:<br \/>\nEinige Textpassagen dieser Datenschutzerkl\u00e4rung sind geistiges Eigentum der<\/p>\n<p>eRecht24 GmbH &amp; Co. KG<br \/>\nMohrenstra\u00dfe 45<br \/>\n10117 Berlin<br \/>\nhttps:\/\/www.e-recht24.de<\/p>\n<p>und unterliegen dem Urheberrecht.<br \/>\nIch darf diese mit Genehmigung der eRecht24 GmbH &amp; Co. KG auf dieser Seite verwenden.<\/p>\n","protected":false},"excerpt":{"rendered":"<p>Angaben gem\u00e4\u00df \u00a7 5 TMG: Ludger Roterring Internet Service Melchisengoren 62 48683 Ahaus-Ottenstein Kontakt: Telefon: 02561 962196 E-Mail: info@roterring.de (Bitte keine Initiativbewerbungen zuschicken!) Aufgrund der hohen Zahl von Initiaivbewerbungen, von Bewerbern\u00a0 mit Qualifikationen von Berufen die nichts mit unserem Unternehmen zu tun haben\u00a0 werden Initiativbewerbungen nicht mehr beantwortet. Umsatzsteuer: Umsatzsteuer-Identifikationsnummer gem\u00e4\u00df \u00a727 a Umsatzsteuergesetz: DE188468772 [&hellip;]<\/p>\n","protected":false},"author":1,"featured_media":0,"parent":0,"menu_order":0,"comment_status":"closed","ping_status":"closed","template":"","meta":{"footnotes":""},"_links":{"self":[{"href":"https:\/\/www.roterring.de\/index.php\/wp-json\/wp\/v2\/pages\/34"}],"collection":[{"href":"https:\/\/www.roterring.de\/index.php\/wp-json\/wp\/v2\/pages"}],"about":[{"href":"https:\/\/www.roterring.de\/index.php\/wp-json\/wp\/v2\/types\/page"}],"author":[{"embeddable":true,"href":"https:\/\/www.roterring.de\/index.php\/wp-json\/wp\/v2\/users\/1"}],"replies":[{"embeddable":true,"href":"https:\/\/www.roterring.de\/index.php\/wp-json\/wp\/v2\/comments?post=34"}],"version-history":[{"count":6,"href":"https:\/\/www.roterring.de\/index.php\/wp-json\/wp\/v2\/pages\/34\/revisions"}],"predecessor-version":[{"id":324,"href":"https:\/\/www.roterring.de\/index.php\/wp-json\/wp\/v2\/pages\/34\/revisions\/324"}],"wp:attachment":[{"href":"https:\/\/www.roterring.de\/index.php\/wp-json\/wp\/v2\/media?parent=34"}],"curies":[{"name":"wp","href":"https:\/\/api.w.org\/{rel}","templated":true}]}}