{"id":30,"date":"2018-08-03T12:43:50","date_gmt":"2018-08-03T12:43:50","guid":{"rendered":"https:\/\/www.roterring.de\/wordpress\/?page_id=30"},"modified":"2018-09-12T13:32:32","modified_gmt":"2018-09-12T13:32:32","slug":"programmierung","status":"publish","type":"page","link":"https:\/\/www.roterring.de\/index.php\/programmierung\/","title":{"rendered":"Programmierung"},"content":{"rendered":"<p><img decoding=\"async\" src=\"https:\/\/www.roterring.de\/wordpress\/wp-content\/uploads\/2018\/09\/programmierung-1024x100.png\" alt=\"\" width=\"100%\"  class=\"aligncenter size-large wp-image-108\" srcset=\"https:\/\/www.roterring.de\/wp-content\/uploads\/2018\/09\/programmierung.png 1024w, https:\/\/www.roterring.de\/wp-content\/uploads\/2018\/09\/programmierung-300x29.png 300w, https:\/\/www.roterring.de\/wp-content\/uploads\/2018\/09\/programmierung-768x75.png 768w\" sizes=\"(max-width: 1024px) 100vw, 1024px\" \/><br \/>\nWenn man Texte und Bilder darstellen m\u00f6chte ist ein Standard-CMS oft eine gute Wahl.<\/p>\n<p>Wenn man Gesch\u00e4ftsabl\u00e4ufe automatisieren m\u00f6chte, Daten im Internet bereitstellen m\u00f6chte (z. B. eine Lagerbestandsabfrage), l\u00e4\u00dft sich das mit einem CMS oft nicht abdecken. Hier ist ein individuell erstelltes Programm h\u00e4ufig die bessere Wahl.<\/p>\n<p>Ich bin in der Lage Ihnen komplexe Programme in PHP \/ MySQL zu erstellen. Gerne zeige ich Ihnen ein paar Referenzprojekte.<\/p>\n<p>Beschreiben Sie mir Ihr Vorhaben:\u00a0\u00a0Tel. 02561\/962196. Ich mache Ihnen gerne ein Angebot.<\/p>\n","protected":false},"excerpt":{"rendered":"<p>Wenn man Texte und Bilder darstellen m\u00f6chte ist ein Standard-CMS oft eine gute Wahl. Wenn man Gesch\u00e4ftsabl\u00e4ufe automatisieren m\u00f6chte, Daten im Internet bereitstellen m\u00f6chte (z. B. eine Lagerbestandsabfrage), l\u00e4\u00dft sich das mit einem CMS oft nicht abdecken. Hier ist ein individuell erstelltes Programm h\u00e4ufig die bessere Wahl. Ich bin in der Lage Ihnen komplexe Programme [&hellip;]<\/p>\n","protected":false},"author":1,"featured_media":0,"parent":0,"menu_order":0,"comment_status":"closed","ping_status":"closed","template":"","meta":{"footnotes":""},"_links":{"self":[{"href":"https:\/\/www.roterring.de\/index.php\/wp-json\/wp\/v2\/pages\/30"}],"collection":[{"href":"https:\/\/www.roterring.de\/index.php\/wp-json\/wp\/v2\/pages"}],"about":[{"href":"https:\/\/www.roterring.de\/index.php\/wp-json\/wp\/v2\/types\/page"}],"author":[{"embeddable":true,"href":"https:\/\/www.roterring.de\/index.php\/wp-json\/wp\/v2\/users\/1"}],"replies":[{"embeddable":true,"href":"https:\/\/www.roterring.de\/index.php\/wp-json\/wp\/v2\/comments?post=30"}],"version-history":[{"count":7,"href":"https:\/\/www.roterring.de\/index.php\/wp-json\/wp\/v2\/pages\/30\/revisions"}],"predecessor-version":[{"id":123,"href":"https:\/\/www.roterring.de\/index.php\/wp-json\/wp\/v2\/pages\/30\/revisions\/123"}],"wp:attachment":[{"href":"https:\/\/www.roterring.de\/index.php\/wp-json\/wp\/v2\/media?parent=30"}],"curies":[{"name":"wp","href":"https:\/\/api.w.org\/{rel}","templated":true}]}}