{"id":19,"date":"2018-08-03T12:36:59","date_gmt":"2018-08-03T12:36:59","guid":{"rendered":"https:\/\/www.roterring.de\/wordpress\/?page_id=19"},"modified":"2025-06-19T13:46:02","modified_gmt":"2025-06-19T13:46:02","slug":"unternehmen","status":"publish","type":"page","link":"https:\/\/www.roterring.de\/index.php\/unternehmen\/","title":{"rendered":"Unternehmen"},"content":{"rendered":"\n<figure class=\"wp-block-image size-full\"><img loading=\"lazy\" decoding=\"async\" width=\"1024\" height=\"395\" src=\"https:\/\/www.roterring.de\/wp-content\/uploads\/2025\/06\/server-und-hosting-rechenzentrum-racks-mit-servern3-gruen-1024-425-1.jpg\" alt=\"\" class=\"wp-image-300\" srcset=\"https:\/\/www.roterring.de\/wp-content\/uploads\/2025\/06\/server-und-hosting-rechenzentrum-racks-mit-servern3-gruen-1024-425-1.jpg 1024w, https:\/\/www.roterring.de\/wp-content\/uploads\/2025\/06\/server-und-hosting-rechenzentrum-racks-mit-servern3-gruen-1024-425-1-300x116.jpg 300w, https:\/\/www.roterring.de\/wp-content\/uploads\/2025\/06\/server-und-hosting-rechenzentrum-racks-mit-servern3-gruen-1024-425-1-768x296.jpg 768w\" sizes=\"(max-width: 1024px) 100vw, 1024px\" \/><\/figure>\n\n\n<p>Was macht der Internet Service Ludger Roterring?<\/p>\n<p>Webhosting mit eigenen Servern in mehreren r\u00e4umlich voneinander getrennten Rechenzentren.<br \/>Die Rechenzentren werden von externen Unternehmen betrieben.<br \/><br \/>Programmierung in PHP \/MySql<br \/>Erstellung von Internetseiten<br \/>Webdesign<br \/>Einrichten von Content Management Systemen (Joomla, WordPress)<br \/>betreuen von Internetshops (im Moment nur\u00a0 f\u00fcr Bestandskunden)<\/p>\n<p>Wann bin ich der richtige Partner f\u00fcr Sie?<\/p>\n<ul>\n<li>wenn Ihnen der pers\u00f6nliche Kontakt mit einem oder wenigen Ansprechpartnern wichtig ist.<\/li>\n<li>wenn Ihnen eine st\u00e4ndige Erreichbarkeit f\u00fcr Notf\u00e4lle auch Nachts und am Wochenende wichtig ist.<\/li>\n<li>wenn Sie g\u00fcnstige und faire Preise haben m\u00f6chten und Ihnen ein hohes Ma\u00df an Service wichtig ist.<\/li>\n<li>wenn es Ihnen gef\u00e4llt alles aus einer Hand bekommen zu k\u00f6nnen vom Webhosting \u00fcber Design bis zur Schulungen.<\/li>\n<\/ul>\n<p>Die typischen Kunden des Internet Service Roterring sind kleine Unternehmen\u00a0 bis mittlere Unternehmen.<\/p>","protected":false},"excerpt":{"rendered":"<p>Was macht der Internet Service Ludger Roterring? Webhosting mit eigenen Servern in mehreren r\u00e4umlich voneinander getrennten Rechenzentren.Die Rechenzentren werden von externen Unternehmen betrieben. Programmierung in PHP \/MySqlErstellung von InternetseitenWebdesignEinrichten von Content Management Systemen (Joomla, WordPress)betreuen von Internetshops (im Moment nur\u00a0 f\u00fcr Bestandskunden) Wann bin ich der richtige Partner f\u00fcr Sie? wenn Ihnen der pers\u00f6nliche Kontakt [&hellip;]<\/p>\n","protected":false},"author":1,"featured_media":0,"parent":0,"menu_order":0,"comment_status":"closed","ping_status":"closed","template":"","meta":{"footnotes":""},"_links":{"self":[{"href":"https:\/\/www.roterring.de\/index.php\/wp-json\/wp\/v2\/pages\/19"}],"collection":[{"href":"https:\/\/www.roterring.de\/index.php\/wp-json\/wp\/v2\/pages"}],"about":[{"href":"https:\/\/www.roterring.de\/index.php\/wp-json\/wp\/v2\/types\/page"}],"author":[{"embeddable":true,"href":"https:\/\/www.roterring.de\/index.php\/wp-json\/wp\/v2\/users\/1"}],"replies":[{"embeddable":true,"href":"https:\/\/www.roterring.de\/index.php\/wp-json\/wp\/v2\/comments?post=19"}],"version-history":[{"count":14,"href":"https:\/\/www.roterring.de\/index.php\/wp-json\/wp\/v2\/pages\/19\/revisions"}],"predecessor-version":[{"id":307,"href":"https:\/\/www.roterring.de\/index.php\/wp-json\/wp\/v2\/pages\/19\/revisions\/307"}],"wp:attachment":[{"href":"https:\/\/www.roterring.de\/index.php\/wp-json\/wp\/v2\/media?parent=19"}],"curies":[{"name":"wp","href":"https:\/\/api.w.org\/{rel}","templated":true}]}}